{"id":102,"date":"2023-04-30T11:04:22","date_gmt":"2023-04-30T11:04:22","guid":{"rendered":"http:\/\/traduceri-acte.ro\/?page_id=102"},"modified":"2023-04-30T11:18:45","modified_gmt":"2023-04-30T11:18:45","slug":"cerere-oferta","status":"publish","type":"page","link":"http:\/\/traduceri-acte.ro\/en\/cerere-oferta\/","title":{"rendered":"Request of offer"},"content":{"rendered":"<div data-elementor-type=\"wp-page\" data-elementor-id=\"102\" class=\"elementor elementor-102\">\n\t\t\t\t\t\t\t\t\t<section class=\"elementor-section elementor-top-section elementor-element elementor-element-6348da98 elementor-section-boxed elementor-section-height-default elementor-section-height-default\" data-id=\"6348da98\" data-element_type=\"section\">\n\t\t\t\t\t\t<div class=\"elementor-container elementor-column-gap-default\">\n\t\t\t\t\t<div class=\"elementor-column elementor-col-100 elementor-top-column elementor-element elementor-element-6d5b73ab\" data-id=\"6d5b73ab\" data-element_type=\"column\">\n\t\t\t<div class=\"elementor-widget-wrap elementor-element-populated\">\n\t\t\t\t\t\t\t\t<div class=\"elementor-element elementor-element-5fd68cf elementor-widget elementor-widget-heading\" data-id=\"5fd68cf\" data-element_type=\"widget\" data-widget_type=\"heading.default\">\n\t\t\t\t<div class=\"elementor-widget-container\">\n\t\t\t<style>\/*! elementor - v3.11.5 - 14-03-2023 *\/\n.elementor-heading-title{padding:0;margin:0;line-height:1}.elementor-widget-heading .elementor-heading-title[class*=elementor-size-]>a{color:inherit;font-size:inherit;line-height:inherit}.elementor-widget-heading .elementor-heading-title.elementor-size-small{font-size:15px}.elementor-widget-heading .elementor-heading-title.elementor-size-medium{font-size:19px}.elementor-widget-heading .elementor-heading-title.elementor-size-large{font-size:29px}.elementor-widget-heading .elementor-heading-title.elementor-size-xl{font-size:39px}.elementor-widget-heading .elementor-heading-title.elementor-size-xxl{font-size:59px}<\/style><h2 class=\"elementor-heading-title elementor-size-default\">Request of offer<\/h2>\t\t<\/div>\n\t\t\t\t<\/div>\n\t\t\t\t<div class=\"elementor-element elementor-element-7a4a1608 elementor-widget elementor-widget-text-editor\" data-id=\"7a4a1608\" data-element_type=\"widget\" data-widget_type=\"text-editor.default\">\n\t\t\t\t<div class=\"elementor-widget-container\">\n\t\t\t<style>\/*! elementor - v3.11.5 - 14-03-2023 *\/\n.elementor-widget-text-editor.elementor-drop-cap-view-stacked .elementor-drop-cap{background-color:#818a91;color:#fff}.elementor-widget-text-editor.elementor-drop-cap-view-framed .elementor-drop-cap{color:#818a91;border:3px solid;background-color:transparent}.elementor-widget-text-editor:not(.elementor-drop-cap-view-default) .elementor-drop-cap{margin-top:8px}.elementor-widget-text-editor:not(.elementor-drop-cap-view-default) .elementor-drop-cap-letter{width:1em;height:1em}.elementor-widget-text-editor .elementor-drop-cap{float:left;text-align:center;line-height:1;font-size:50px}.elementor-widget-text-editor .elementor-drop-cap-letter{display:inline-block}<\/style>\t\t\t\t<!-- wp:paragraph -->\n<p class=\"\">Please fill the form below. We will carefully analyze your request and your desire and we will offer you a quotation as soon as possible. The quotation depends on the degree of difficulty of the document, language, field or number of words.<\/p>\n<!-- \/wp:paragraph -->\n\n<!-- wp:paragraph -->\n<p class=\"\"><strong>        <form enctype=\"multipart\/form-data\" method=\"post\" id=\"wppb-register-user\" class=\"wppb-user-forms wppb-register-user wppb-user-logged-out\" action=\"http:\/\/traduceri-acte.ro\/en\/wp-json\/wp\/v2\/pages\/102\" data-trp-original-action=\"http:\/\/traduceri-acte.ro\/en\/wp-json\/wp\/v2\/pages\/102\">\n\t\t\t<ul><li class=\"wppb-form-field wppb-input\" id=\"wppb-form-element-21\">\n\t\t\t\t<label for=\"nume\">Your name or the company that you represent<span class=\"wppb-required\" title=\"This field is required\">*<\/span><\/label>\n\t\t\t\t<input class=\"extra_field_input\" name=\"nume\" maxlength=\"250\" type=\"text\" id=\"nume\" value=\"\" \/><\/li><li class=\"wppb-form-field wppb-default-e-mail\" id=\"wppb-form-element-8\">\n\t\t\t<label for=\"email\">Email adress where you want to receive the price estimation<span class=\"wppb-required\" title=\"This field is required\">*<\/span><\/label>\n\t\t\t<input class=\"text-input default_field_email\" name=\"email\" maxlength=\"70\" type=\"email\" id=\"email\" value=\"\"   \/><\/li><li class=\"wppb-form-field wppb-default-password\" id=\"wppb-form-element-12\"><\/li><li class=\"wppb-form-field wppb-input\" id=\"wppb-form-element-13\">\n\t\t\t\t<label for=\"tipul_documentului\">Type of document<span class=\"wppb-required\" title=\"This field is required\">*<\/span><\/label>\n\t\t\t\t<input class=\"extra_field_input\" name=\"tipul_documentului\" maxlength=\"250\" type=\"text\" id=\"tipul_documentului\" value=\"\" \/><\/li><li class=\"wppb-form-field wppb-input\" id=\"wppb-form-element-14\">\n\t\t\t\t<label for=\"limba_sursa\">Source language<\/label>\n\t\t\t\t<input class=\"extra_field_input\" name=\"limba_sursa\" maxlength=\"250\" type=\"text\" id=\"limba_sursa\" value=\"\" \/><span class=\"wppb-description-delimiter\">The language from which the translation is made<\/span><\/li><li class=\"wppb-form-field wppb-input\" id=\"wppb-form-element-15\">\n\t\t\t\t<label for=\"limba_tinta\">Target language<\/label>\n\t\t\t\t<input class=\"extra_field_input\" name=\"limba_tinta\" maxlength=\"250\" type=\"text\" id=\"limba_tinta\" value=\"\" \/><span class=\"wppb-description-delimiter\">The language into which the translation is made<\/span><\/li><li class=\"wppb-form-field wppb-number\" id=\"wppb-form-element-16\">\n\t\t\t\t<label for=\"timp\">Requested deadline<\/label>\n\t\t\t\t<input class=\"extra_field_number\" name=\"timp\" maxlength=\"70\" step=\"any\" type=\"number\" min=\"\" max=\"\" id=\"timp\" value=\"\" \/><\/li><li class=\"wppb-form-field wppb-upload\" id=\"wppb-form-element-17\"><label for=\"fisher\">Upload the file<\/label><a href=\"#\" class=\"button wppb_upload_button\" id=\"upload_fisher_button\"  data-uploader_title=\"\u00cencarc\u0103 fi\u0219ierul\" data-uploader_button_text=\"Select File\" data-upload_mn=\"fisher\" data-upload_input=\"fisher\" data-multiple_upload=\"false\">Upload <\/a><input id=\"fisher\" type=\"hidden\" size=\"36\" name=\"fisher\" value=\"\"\/><\/li><li class=\"wppb-form-field wppb-checkbox\" id=\"wppb-form-element-18\">\n\t\t\t\t<label for=\"Solicit\">I request<\/label><ul class=\"wppb-checkboxes\"><li class=\"wppb-hidden\"><input type=\"hidden\" value=\"\" name=\"Solicit\"><\/li><li><input value=\"Legalizarea la notar a documentului\" class=\"custom_field_checkbox\" name=\"Solicit[]\" id=\"legalizarea-la-notar-a-documentului_18\" type=\"checkbox\"   \/><label for=\"legalizarea-la-notar-a-documentului_18\" class=\"wppb-rc-value\">The notarization of the document<\/label><\/li><li><input value=\"Apostilarea documentului\" class=\"custom_field_checkbox\" name=\"Solicit[]\" id=\"apostilarea-documentului_18\" type=\"checkbox\"   \/><label for=\"apostilarea-documentului_18\" class=\"wppb-rc-value\">Applying the Apostille on the document<\/label><\/li><li><input value=\"Supralegalizarea documentului\" class=\"custom_field_checkbox\" name=\"Solicit[]\" id=\"supralegalizarea-documentului_18\" type=\"checkbox\"   \/><label for=\"supralegalizarea-documentului_18\" class=\"wppb-rc-value\">Superlegalisation of the document<\/label><\/li><\/ul><\/li><li class=\"wppb-form-field wppb-textarea\" id=\"wppb-form-element-19\">\n\t\t\t\t<label for=\"informatii\">Other information<\/label>\n\t\t\t\t<textarea rows=\"3\" name=\"informatii\" maxlength=\"\" class=\"custom_field_textarea\" id=\"informatii\" wrap=\"virtual\" ><\/textarea><span class=\"wppb-description-delimiter\">Information that you consider relevant for the accurate quotation<\/span><\/li><li class=\"wppb-form-field wppb-phone\" id=\"wppb-form-element-20\">\n\t\t\t\t<label for=\"Telefon\">Phone number where you want to receive the price estimation<\/label>\n\t\t\t\t<input data-phone-format=\"{&quot;phone_data&quot;:0}\" class=\"extra_field_phone\" name=\"Telefon\" maxlength=\"70\" type=\"text\" id=\"Telefon\" value=\"\" \/><\/li><\/ul><ul><input id=\"send_credentials_via_email\" type=\"hidden\" name=\"send_credentials_via_email\" value=\"sending\" \/><\/ul>\t\t\t<p class=\"form-submit\"  >\n\t\t\t\t                \t\t\t\t<input name=\"register\" type=\"submit\" id=\"register\" class=\"submit button\" value=\"Register\" \/>\n                <input name=\"redirect_to\" type=\"hidden\" value=\"\" \/>\n                \t\t\t\t<input name=\"action\" type=\"hidden\" id=\"action\" value=\"register\" \/>\n\t\t\t\t<input name=\"form_name\" type=\"hidden\" id=\"form_name\" value=\"unspecified\" \/>\n\t\t\t\t<input name=\"form_id\" type=\"hidden\" id=\"form_id\" value=\"\" \/>\n\t\t\t\t\t\t\t<\/p><!-- .form-submit -->\n\t\t\t<input type=\"hidden\" id=\"register_unspecified_nonce_field\" name=\"register_unspecified_nonce_field\" value=\"aad0460984\" \/><input type=\"hidden\" name=\"_wp_http_referer\" value=\"\/en\/wp-json\/wp\/v2\/pages\/102\" \/>\t\t<input type=\"hidden\" name=\"trp-form-language\" value=\"en\"\/><\/form>\n\t\t<\/strong><\/p>\n<!-- \/wp:paragraph -->\t\t\t\t\t\t<\/div>\n\t\t\t\t<\/div>\n\t\t\t\t\t<\/div>\n\t\t<\/div>\n\t\t\t\t\t\t\t<\/div>\n\t\t<\/section>\n\t\t\t\t\t\t\t<\/div>","protected":false},"excerpt":{"rendered":"<p>Cerere ofert\u0103 V\u0103 rug\u0103m s\u0103 completa\u0163i formularul de mai jos. Vom analiza cu atentie solicitarea \u015fi dorinta dvs. &nbsp;v\u0103 vom oferi o cota\u0163ie de pre\u0163 \u00een cel mai scurt timp. Aceasta se va stabili \u00een func\u0163ie de gradul de dificultate al documentului, de limb\u0103, domeniu sau num\u0103rul de cuvinte.<\/p>","protected":false},"author":1,"featured_media":0,"parent":0,"menu_order":0,"comment_status":"closed","ping_status":"closed","template":"","meta":{"footnotes":""},"class_list":["post-102","page","type-page","status-publish","hentry"],"_links":{"self":[{"href":"http:\/\/traduceri-acte.ro\/en\/wp-json\/wp\/v2\/pages\/102","targetHints":{"allow":["GET"]}}],"collection":[{"href":"http:\/\/traduceri-acte.ro\/en\/wp-json\/wp\/v2\/pages"}],"about":[{"href":"http:\/\/traduceri-acte.ro\/en\/wp-json\/wp\/v2\/types\/page"}],"author":[{"embeddable":true,"href":"http:\/\/traduceri-acte.ro\/en\/wp-json\/wp\/v2\/users\/1"}],"replies":[{"embeddable":true,"href":"http:\/\/traduceri-acte.ro\/en\/wp-json\/wp\/v2\/comments?post=102"}],"version-history":[{"count":6,"href":"http:\/\/traduceri-acte.ro\/en\/wp-json\/wp\/v2\/pages\/102\/revisions"}],"predecessor-version":[{"id":149,"href":"http:\/\/traduceri-acte.ro\/en\/wp-json\/wp\/v2\/pages\/102\/revisions\/149"}],"wp:attachment":[{"href":"http:\/\/traduceri-acte.ro\/en\/wp-json\/wp\/v2\/media?parent=102"}],"curies":[{"name":"wp","href":"https:\/\/api.w.org\/{rel}","templated":true}]}}