{"id":87,"date":"2023-04-29T09:27:16","date_gmt":"2023-04-29T09:27:16","guid":{"rendered":"http:\/\/traduceri-acte.ro\/?page_id=87"},"modified":"2023-04-30T11:20:22","modified_gmt":"2023-04-30T11:20:22","slug":"declaratii-de-valoare","status":"publish","type":"page","link":"http:\/\/traduceri-acte.ro\/en\/declaratii-de-valoare\/","title":{"rendered":"Declaration of value"},"content":{"rendered":"<div data-elementor-type=\"wp-page\" data-elementor-id=\"87\" class=\"elementor elementor-87\">\n\t\t\t\t\t\t\t\t\t<section class=\"elementor-section elementor-top-section elementor-element elementor-element-5b35894 elementor-section-boxed elementor-section-height-default elementor-section-height-default\" data-id=\"5b35894\" data-element_type=\"section\">\n\t\t\t\t\t\t<div class=\"elementor-container elementor-column-gap-default\">\n\t\t\t\t\t<div class=\"elementor-column elementor-col-100 elementor-top-column elementor-element elementor-element-6788f9be\" data-id=\"6788f9be\" data-element_type=\"column\">\n\t\t\t<div class=\"elementor-widget-wrap elementor-element-populated\">\n\t\t\t\t\t\t\t\t<div class=\"elementor-element elementor-element-000f557 elementor-widget elementor-widget-heading\" data-id=\"000f557\" data-element_type=\"widget\" data-widget_type=\"heading.default\">\n\t\t\t\t<div class=\"elementor-widget-container\">\n\t\t\t<style>\/*! elementor - v3.11.5 - 14-03-2023 *\/\n.elementor-heading-title{padding:0;margin:0;line-height:1}.elementor-widget-heading .elementor-heading-title[class*=elementor-size-]>a{color:inherit;font-size:inherit;line-height:inherit}.elementor-widget-heading .elementor-heading-title.elementor-size-small{font-size:15px}.elementor-widget-heading .elementor-heading-title.elementor-size-medium{font-size:19px}.elementor-widget-heading .elementor-heading-title.elementor-size-large{font-size:29px}.elementor-widget-heading .elementor-heading-title.elementor-size-xl{font-size:39px}.elementor-widget-heading .elementor-heading-title.elementor-size-xxl{font-size:59px}<\/style><h2 class=\"elementor-heading-title elementor-size-default\">Declaration of value<\/h2>\t\t<\/div>\n\t\t\t\t<\/div>\n\t\t\t\t<div class=\"elementor-element elementor-element-2f4c3c35 elementor-widget elementor-widget-text-editor\" data-id=\"2f4c3c35\" data-element_type=\"widget\" data-widget_type=\"text-editor.default\">\n\t\t\t\t<div class=\"elementor-widget-container\">\n\t\t\t<style>\/*! elementor - v3.11.5 - 14-03-2023 *\/\n.elementor-widget-text-editor.elementor-drop-cap-view-stacked .elementor-drop-cap{background-color:#818a91;color:#fff}.elementor-widget-text-editor.elementor-drop-cap-view-framed .elementor-drop-cap{color:#818a91;border:3px solid;background-color:transparent}.elementor-widget-text-editor:not(.elementor-drop-cap-view-default) .elementor-drop-cap{margin-top:8px}.elementor-widget-text-editor:not(.elementor-drop-cap-view-default) .elementor-drop-cap-letter{width:1em;height:1em}.elementor-widget-text-editor .elementor-drop-cap{float:left;text-align:center;line-height:1;font-size:50px}.elementor-widget-text-editor .elementor-drop-cap-letter{display:inline-block}<\/style>\t\t\t\t<!-- wp:paragraph -->\n<p class=\"\"><strong>Services provided to obtain the Declaration of Value:<\/strong><\/p>\n<!-- \/wp:paragraph -->\n\n<!-- wp:paragraph -->\n<p class=\"\">\u00b7 If everything seems extremely complicated for you and if you haven't started the procedure yet, we will be glad to help you draft your file from the very beginning.&nbsp;<\/p>\n<!-- \/wp:paragraph -->\n\n<!-- wp:paragraph -->\n<p class=\"\">\u00b7 If your file is already complete, we shall check every detail of it, we shall schedule the appointment with the Consulate of Bucharest and we shall represent you for the submission of the file and picking up the Declaration of Value on your behalf. \u00a0&nbsp;<\/p>\n<!-- \/wp:paragraph -->\n\n<!-- wp:paragraph -->\n<p class=\"\"><strong>Documents required for the Declaration of Value:<\/strong><\/p>\n<!-- \/wp:paragraph -->\n\n<!-- wp:paragraph -->\n<p class=\"\">* High school \/ secondary education &nbsp; &nbsp;<\/p>\n<!-- \/wp:paragraph -->\n\n<!-- wp:paragraph -->\n<p class=\"\">The following original documents shall be submitted:<\/p>\n<!-- \/wp:paragraph -->\n\n<!-- wp:paragraph -->\n<p class=\"\">\u00b7&nbsp;<strong>\u00b7 The Graduation Diploma \/ Certificate<\/strong><\/p>\n<!-- \/wp:paragraph -->\n\n<!-- wp:paragraph -->\n<p class=\" translation-block\">\u00b7 The Transcripts of Records of the diploma \/ certificate<\/p>\n<!-- \/wp:paragraph -->\n\n<!-- wp:paragraph -->\n<p class=\" translation-block\">\u00b7 Certificate of authenticity for each separate document.<\/p>\n<!-- \/wp:paragraph -->\n\n<!-- wp:paragraph -->\n<p class=\"\">Note:&nbsp;<\/p>\n<!-- \/wp:paragraph -->\n\n<!-- wp:paragraph -->\n<p class=\"\">The certificates of authenticity shall be obtained from the secretary office of the education institution; you shall apply for 2 original copies of the certificate: one shall be submitted to the County School Inspectorate for the original document endorsement and the other one shall be enclosed to the file for the Italian Consulate.<\/p>\n<!-- \/wp:paragraph -->\n\n<!-- wp:paragraph -->\n<p class=\"\">After receiving your original documents, we shall take care of the formalities below:<\/p>\n<!-- \/wp:paragraph -->\n\n<!-- wp:paragraph -->\n<p class=\" translation-block\">\u00b7 Applying the Apostille at the\u00a0Prefect Institution;<\/p>\n<!-- \/wp:paragraph -->\n\n<!-- wp:paragraph -->\n<p class=\" translation-block\">\u00b7 Notarized certified copies of the study documents;<\/p>\n<!-- \/wp:paragraph -->\n\n<!-- wp:paragraph -->\n<p class=\" translation-block\">\u00b7 Certified translation \u00a0into Italian of the original documents bearing the Apostille;<\/p>\n<!-- \/wp:paragraph -->\n\n<!-- wp:paragraph -->\n<p class=\"\">\u00b7&nbsp;<strong>\u00b7 Notarization of the certified translations;<\/strong>;<\/p>\n<!-- \/wp:paragraph -->\n\n<!-- wp:paragraph -->\n<p class=\" translation-block\">\u00b7 Superlegalisation of the certified copies and of the notarized translations by the application of the Apostille at the Chamber of the Notaries Public;<\/p>\n<!-- \/wp:paragraph -->\n\n<!-- wp:paragraph -->\n<p class=\"\">\u00b7 Photocopies of all the original and certified, notarized and superlegalised documents.<\/p>\n<!-- \/wp:paragraph -->\n\n<!-- wp:paragraph -->\n<p class=\"\">The following original documents shall be submitted:<\/p>\n<!-- \/wp:paragraph -->\n\n<!-- wp:paragraph -->\n<p class=\"\">\u00b7&nbsp;<strong>\u00b7 The High School (Romanian Baccalaureate) Diploma<\/strong>&nbsp;<\/p>\n<!-- \/wp:paragraph -->\n\n<!-- wp:paragraph -->\n<p class=\" translation-block\">\u00b7 The Transcripts of Records of the\u00a0High School (Romanian Baccalaureate) Diploma<\/p>\n<!-- \/wp:paragraph -->\n\n<!-- wp:paragraph -->\n<p class=\"\">\u00b7&nbsp;<strong>\u00b7 The University Degree&nbsp;<\/strong><\/p>\n<!-- \/wp:paragraph -->\n\n<!-- wp:paragraph -->\n<p class=\" translation-block\">\u00b7 The Transcripts of Records of the University Degree<\/p>\n<!-- \/wp:paragraph -->\n\n<!-- wp:paragraph -->\n<p class=\" translation-block\">\u00b7 The Curriculum accompanied by a nominal certificate<\/p>\n<!-- \/wp:paragraph -->\n\n<!-- wp:paragraph -->\n<p class=\" translation-block\">\u00b7 Certificate of authenticity for each separate document.<\/p>\n<!-- \/wp:paragraph -->\n\n<!-- wp:paragraph -->\n<p class=\"\">Note:&nbsp;<\/p>\n<!-- \/wp:paragraph -->\n\n<!-- wp:paragraph -->\n<p class=\"\">The certificates of authenticity shall be obtained from the secretary office of the education institution; for the Baccalaureate Diploma ant its Transcripts of Records you shall apply for 2 original copies of the certificate: one shall be submitted to the County School Inspectorate for the endorsement of the original document and the other one shall be enclosed to the file for the Italian Consulate.<\/p>\n<!-- \/wp:paragraph -->\n\n<!-- wp:paragraph -->\n<p class=\"\">In most cases, we can represent graduates of school units in Bucharest in order to obtain these certificates (conditions differ from case to case). In exceptional situations, we can also obtain certificates of authenticity from school units in other counties of the country.<\/p>\n<!-- \/wp:paragraph -->\n\n<!-- wp:paragraph -->\n<p class=\"\">After receiving your original documents, we shall take care of the formalities below:<\/p>\n<!-- \/wp:paragraph -->\n\n<!-- wp:paragraph -->\n<p class=\"\">\u00b7&nbsp;<strong>endorsement of the original Baccalaureate diploma and the related matr\u00edole sheet at the School Inspectorate<\/strong>The endorsement is done only at the school inspectorate in the county where the documents were issued. We can represent you at the Bucharest School Inspectorate. If the study documents were issued in other counties of the country, we will try to certify the originals at the School Inspectorate in the respective county, without this being possible in all situations;<\/p>\n<!-- \/wp:paragraph -->\n\n<!-- wp:paragraph -->\n<p class=\"\">\u00b7&nbsp;<strong>endorsement of the original of the bachelor's degree, the related transcript and the analytical program at CNRED<\/strong>&nbsp;(National Center for the Recognition and Equivalence of Diplomas within the Ministry of Education)<\/p>\n<!-- \/wp:paragraph -->\n\n<!-- wp:paragraph -->\n<p class=\" translation-block\">\u00b7 Applying the Apostille at the\u00a0Prefect Institution;<\/p>\n<!-- \/wp:paragraph -->\n\n<!-- wp:paragraph -->\n<p class=\" translation-block\">\u00b7 Notarized certified copies of the study documents;<\/p>\n<!-- \/wp:paragraph -->\n\n<!-- wp:paragraph -->\n<p class=\" translation-block\">\u00b7 Certified translation \u00a0into Italian of the original documents bearing the Apostille;<\/p>\n<!-- \/wp:paragraph -->\n\n<!-- wp:paragraph -->\n<p class=\"\">\u00b7&nbsp;<strong>\u00b7 Notarization of the certified translations;<\/strong>;<\/p>\n<!-- \/wp:paragraph -->\n\n<!-- wp:paragraph -->\n<p class=\" translation-block\">\u00b7 Superlegalisation of the certified copies and of the notarized translations by the application of the Apostille at the Chamber of the Notaries Public;<\/p>\n<!-- \/wp:paragraph -->\n\n<!-- wp:paragraph -->\n<p class=\"\">\u00b7 Photocopies of all the original and certified, notarized and superlegalised documents.<\/p>\n<!-- \/wp:paragraph -->\n\n<!-- wp:paragraph -->\n<p class=\"\">Important remark:<br>- For the acknowledgement of a University Degree, two Declarations of value shall be issued: one for the Baccalaureate Diploma and one for the University Degree.&nbsp;<br>- Given the circumstances, the costs shall automatically increase as the fees must be paid for two Declarations of Value and in order to make up the file the translation and the certified copy of the curriculum imply higher cost considering the volume thereof.<\/p>\n<!-- \/wp:paragraph -->\n\n<!-- wp:paragraph -->\n<p class=\"\"><strong>Scheduling the appointment to submit the file<\/strong><\/p>\n<!-- \/wp:paragraph -->\n\n<!-- wp:paragraph -->\n<p class=\"\">Our office provides this service FREE OF CHARGE for those placing an order to draft the file and\/or to be represented before the Consulate.<\/p>\n<!-- \/wp:paragraph -->\n\n<!-- wp:paragraph -->\n<p class=\"\"><strong>Term:<\/strong><\/p>\n<!-- \/wp:paragraph -->\n\n<!-- wp:paragraph -->\n<p class=\" translation-block\">There are different issues for every single case related to the completion date. We are aware that in most cases TIME is of the essence for you, therefore we shall do our best to obtain the shortest delivery terms.<\/p>\n<!-- \/wp:paragraph -->\n\n<!-- wp:paragraph -->\n<p class=\"\">Do not hesitate to contact us and tell us your exact situation to be able to inform you on the approximate execution date.<\/p>\n<!-- \/wp:paragraph -->\n\n<!-- wp:paragraph -->\n<p class=\" translation-block\">Costs:\nThe total and exact calculation of the costs is on the grounds of the study level you request the Declaration of Value.<\/p>\n<!-- \/wp:paragraph -->\n\n<!-- wp:paragraph -->\n<p class=\" translation-block\">Easy for you \nEven if you are in Romania or in Italy, all you have to do is contact us to decide the best way for use to be in possession of the original documents without necessarily coming to our office.<\/p>\n<!-- \/wp:paragraph -->\n\n<!-- wp:paragraph -->\n<p class=\"\">* UNIVERSITY EDUCATION<\/p>\n<!-- \/wp:paragraph -->\n\n<!-- wp:paragraph -->\n<p class=\"\">The following original documents shall be submitted:<\/p>\n<!-- \/wp:paragraph -->\n\n<!-- wp:paragraph -->\n<p class=\"\">\u00b7&nbsp;<strong>\u00b7 The High School (Romanian Baccalaureate) Diploma<\/strong>&nbsp;<\/p>\n<!-- \/wp:paragraph -->\n\n<!-- wp:paragraph -->\n<p class=\" translation-block\">\u00b7 The Transcripts of Records of the\u00a0High School (Romanian Baccalaureate) Diploma<\/p>\n<!-- \/wp:paragraph -->\n\n<!-- wp:paragraph -->\n<p class=\"\">\u00b7&nbsp;<strong>\u00b7 The University Degree&nbsp;<\/strong><\/p>\n<!-- \/wp:paragraph -->\n\n<!-- wp:paragraph -->\n<p class=\" translation-block\">\u00b7 The Transcripts of Records of the University Degree<\/p>\n<!-- \/wp:paragraph -->\n\n<!-- wp:paragraph -->\n<p class=\" translation-block\">\u00b7 The Curriculum accompanied by a nominal certificate<\/p>\n<!-- \/wp:paragraph -->\n\n<!-- wp:paragraph -->\n<p class=\" translation-block\">\u00b7 Certificate of authenticity for each separate document.<\/p>\n<!-- \/wp:paragraph -->\n\n<!-- wp:paragraph -->\n<p class=\"\">Note:&nbsp;<\/p>\n<!-- \/wp:paragraph -->\n\n<!-- wp:paragraph -->\n<p class=\"\">The certificates of authenticity shall be obtained from the secretary office of the education institution; for the Baccalaureate Diploma ant its Transcripts of Records you shall apply for 2 original copies of the certificate: one shall be submitted to the County School Inspectorate for the endorsement of the original document and the other one shall be enclosed to the file for the Italian Consulate.<\/p>\n<!-- \/wp:paragraph -->\n\n<!-- wp:paragraph -->\n<p class=\"\">After receiving your original documents, we shall take care of the formalities below:<\/p>\n<!-- \/wp:paragraph -->\n\n<!-- wp:paragraph -->\n<p class=\" translation-block\">\u00b7 Applying the Apostille at the\u00a0Prefect Institution;<\/p>\n<!-- \/wp:paragraph -->\n\n<!-- wp:paragraph -->\n<p class=\" translation-block\">\u00b7 Notarized certified copies of the study documents;<\/p>\n<!-- \/wp:paragraph -->\n\n<!-- wp:paragraph -->\n<p class=\" translation-block\">\u00b7 Certified translation \u00a0into Italian of the original documents bearing the Apostille;<\/p>\n<!-- \/wp:paragraph -->\n\n<!-- wp:paragraph -->\n<p class=\"\">\u00b7&nbsp;<strong>\u00b7 Notarization of the certified translations;<\/strong>;<\/p>\n<!-- \/wp:paragraph -->\n\n<!-- wp:paragraph -->\n<p class=\" translation-block\">\u00b7 Superlegalisation of the certified copies and of the notarized translations by the application of the Apostille at the Chamber of the Notaries Public;<\/p>\n<!-- \/wp:paragraph -->\n\n<!-- wp:paragraph -->\n<p class=\"\"> \u00b7 Photocopies of all the original and certified, notarized and superlegalised documents;<\/p>\n<!-- \/wp:paragraph -->\n\n<!-- wp:paragraph -->\n<p class=\"\">Important remark:<br>- For the acknowledgement of a University Degree, two Declarations of value shall be issued: one for the Baccalaureate Diploma and one for the University Degree.\u00a0<\/p>\n<!-- \/wp:paragraph -->\n\n<!-- wp:paragraph -->\n<p class=\"\">- Given the circumstances, the costs shall automatically increase as the fees must be paid for two Declarations of Value and in order to make up the file the translation and the certified copy of the curriculum imply higher cost considering the volume thereof.<\/p>\n<!-- \/wp:paragraph -->\n\n<!-- wp:paragraph -->\n<p class=\"\"><strong>Scheduling the appointment to submit the file<\/strong><\/p>\n<!-- \/wp:paragraph -->\n\n<!-- wp:paragraph -->\n<p class=\"\">Our office provides this service FREE OF CHARGE for those placing an order to draft the file and\/or to be represented before the Consulate.<\/p>\n<!-- \/wp:paragraph -->\n\n<!-- wp:paragraph -->\n<p class=\"\"><strong>Term:<\/strong><\/p>\n<!-- \/wp:paragraph -->\n\n<!-- wp:paragraph -->\n<p class=\" translation-block\">There are different issues for every single case related to the completion date. We are aware that in most cases TIME is of the essence for you, therefore we shall do our best to obtain the shortest delivery terms.<\/p>\n<!-- \/wp:paragraph -->\n\n<!-- wp:paragraph -->\n<p class=\"\">Do not hesitate to contact us and tell us your exact situation to be able to inform you on the approximate execution date.<\/p>\n<!-- \/wp:paragraph -->\n\n<!-- wp:paragraph -->\n<p class=\"\"><strong>Costs:<\/strong><\/p>\n<!-- \/wp:paragraph -->\n\n<!-- wp:paragraph -->\n<p class=\"\">The total and exact calculation of the costs depends on the study level you request the Declaration of Value for.<\/p>\n<!-- \/wp:paragraph -->\n\n<!-- wp:paragraph -->\n<p class=\" translation-block\">Easy for you!\nEven if you are in Romania or in Italy, all you have to do is contact us to decide the best way for use to be in possession of the original documents without necessarily coming to our office.<\/p>\n<!-- \/wp:paragraph -->\t\t\t\t\t\t<\/div>\n\t\t\t\t<\/div>\n\t\t\t\t\t<\/div>\n\t\t<\/div>\n\t\t\t\t\t\t\t<\/div>\n\t\t<\/section>\n\t\t\t\t\t\t\t<\/div>","protected":false},"excerpt":{"rendered":"<p>Declara\u021bii de valoare Serviciile oferite pentru obtinerea Declara\u0163iei de Valoare: \u00b7&nbsp;Dac\u0103 vi se pare totul foarte complicat si nu a\u0163i demarat \u00eenc\u0103 procedura, noi v\u0103 ajutam sa \u00eentocmiti dosarul de la zero.&nbsp; \u00b7&nbsp;Dac\u0103 dosarul dvs. este deja complet, \u00eel vom verifica \u00een detaliu, vom ob\u0163ine programarea la Consulatul din Bucure\u015fti \u015fi v\u0103 vom reprezenta \u00een [&hellip;]<\/p>","protected":false},"author":1,"featured_media":0,"parent":0,"menu_order":0,"comment_status":"closed","ping_status":"closed","template":"","meta":{"footnotes":""},"class_list":["post-87","page","type-page","status-publish","hentry"],"_links":{"self":[{"href":"http:\/\/traduceri-acte.ro\/en\/wp-json\/wp\/v2\/pages\/87","targetHints":{"allow":["GET"]}}],"collection":[{"href":"http:\/\/traduceri-acte.ro\/en\/wp-json\/wp\/v2\/pages"}],"about":[{"href":"http:\/\/traduceri-acte.ro\/en\/wp-json\/wp\/v2\/types\/page"}],"author":[{"embeddable":true,"href":"http:\/\/traduceri-acte.ro\/en\/wp-json\/wp\/v2\/users\/1"}],"replies":[{"embeddable":true,"href":"http:\/\/traduceri-acte.ro\/en\/wp-json\/wp\/v2\/comments?post=87"}],"version-history":[{"count":5,"href":"http:\/\/traduceri-acte.ro\/en\/wp-json\/wp\/v2\/pages\/87\/revisions"}],"predecessor-version":[{"id":151,"href":"http:\/\/traduceri-acte.ro\/en\/wp-json\/wp\/v2\/pages\/87\/revisions\/151"}],"wp:attachment":[{"href":"http:\/\/traduceri-acte.ro\/en\/wp-json\/wp\/v2\/media?parent=87"}],"curies":[{"name":"wp","href":"https:\/\/api.w.org\/{rel}","templated":true}]}}