{"id":85,"date":"2023-04-29T09:17:49","date_gmt":"2023-04-29T09:17:49","guid":{"rendered":"http:\/\/traduceri-acte.ro\/?page_id=85"},"modified":"2023-05-31T10:08:17","modified_gmt":"2023-05-31T10:08:17","slug":"tarife","status":"publish","type":"page","link":"https:\/\/traduceri-acte.ro\/en\/tarife\/","title":{"rendered":"Rates"},"content":{"rendered":"<div data-elementor-type=\"wp-page\" data-elementor-id=\"85\" class=\"elementor elementor-85\">\n\t\t\t\t\t\t\t\t\t<section class=\"elementor-section elementor-top-section elementor-element elementor-element-4f1a549c elementor-section-boxed elementor-section-height-default elementor-section-height-default\" data-id=\"4f1a549c\" data-element_type=\"section\">\n\t\t\t\t\t\t<div class=\"elementor-container elementor-column-gap-default\">\n\t\t\t\t\t<div class=\"elementor-column elementor-col-100 elementor-top-column elementor-element elementor-element-14b2546b\" data-id=\"14b2546b\" data-element_type=\"column\">\n\t\t\t<div class=\"elementor-widget-wrap elementor-element-populated\">\n\t\t\t\t\t\t\t\t<div class=\"elementor-element elementor-element-4c61903 elementor-widget elementor-widget-heading\" data-id=\"4c61903\" data-element_type=\"widget\" data-widget_type=\"heading.default\">\n\t\t\t\t<div class=\"elementor-widget-container\">\n\t\t\t<style>\/*! elementor - v3.11.5 - 14-03-2023 *\/\n.elementor-heading-title{padding:0;margin:0;line-height:1}.elementor-widget-heading .elementor-heading-title[class*=elementor-size-]>a{color:inherit;font-size:inherit;line-height:inherit}.elementor-widget-heading .elementor-heading-title.elementor-size-small{font-size:15px}.elementor-widget-heading .elementor-heading-title.elementor-size-medium{font-size:19px}.elementor-widget-heading .elementor-heading-title.elementor-size-large{font-size:29px}.elementor-widget-heading .elementor-heading-title.elementor-size-xl{font-size:39px}.elementor-widget-heading .elementor-heading-title.elementor-size-xxl{font-size:59px}<\/style><h2 class=\"elementor-heading-title elementor-size-default\">Rates<\/h2>\t\t<\/div>\n\t\t\t\t<\/div>\n\t\t\t\t<div class=\"elementor-element elementor-element-5a635786 elementor-widget elementor-widget-text-editor\" data-id=\"5a635786\" data-element_type=\"widget\" data-widget_type=\"text-editor.default\">\n\t\t\t\t<div class=\"elementor-widget-container\">\n\t\t\t<style>\/*! elementor - v3.11.5 - 14-03-2023 *\/\n.elementor-widget-text-editor.elementor-drop-cap-view-stacked .elementor-drop-cap{background-color:#818a91;color:#fff}.elementor-widget-text-editor.elementor-drop-cap-view-framed .elementor-drop-cap{color:#818a91;border:3px solid;background-color:transparent}.elementor-widget-text-editor:not(.elementor-drop-cap-view-default) .elementor-drop-cap{margin-top:8px}.elementor-widget-text-editor:not(.elementor-drop-cap-view-default) .elementor-drop-cap-letter{width:1em;height:1em}.elementor-widget-text-editor .elementor-drop-cap{float:left;text-align:center;line-height:1;font-size:50px}.elementor-widget-text-editor .elementor-drop-cap-letter{display:inline-block}<\/style>\t\t\t\t<table width=\"100%\">\n<tbody>\n<tr>\n<td width=\"50%\">\n<p><br><\/p><p>Document type<\/p>\n<p>English \/ French<\/p>\n<\/td>\n<td width=\"50%\">\n<p><span style=\"color: var( --e-global-color-text ); font-family: var( --e-global-typography-text-font-family ), Sans-serif; font-weight: var( --e-global-typography-text-font-weight ); background-color: var(--wp--preset--color--base); font-size: var(--wp--preset--font-size--medium);\">Price<\/span><br><\/p>\n<\/td>\n<\/tr>\n<tr>\n<td width=\"50%\">\n<p>Criminal record checks, birth \/ marriage certificate, medical certificates<\/p>\n<\/td>\n<td width=\"50%\">\n<p>40 RON<\/p>\n<\/td>\n<\/tr>\n<tr>\n<td width=\"50%\">\n<p>Vehicle related documents<\/p>\n<\/td>\n<td width=\"50%\">\n<p>45 RON<\/p>\n<\/td>\n<\/tr>\n<tr>\n<td width=\"50%\">\n<p>Diplomas \u2013 single sided<\/p>\n<\/td>\n<td width=\"50%\">\n<p>45 RON<\/p>\n<\/td>\n<\/tr>\n<tr>\n<td width=\"50%\">\n<p>Diplomas \u2013 two sided<\/p>\n<\/td>\n<td width=\"50%\">\n<p>70 RON<\/p>\n<\/td>\n<\/tr>\n<tr>\n<td width=\"50%\">\n<p>Transcripts of records per page<\/p>\n<\/td>\n<td width=\"50%\">\n<p>35 RON<\/p>\n<\/td>\n<\/tr>\n<tr>\n<td width=\"50%\">\n<p>Legal documents, contracts - \u00a0per page<\/p>\n<\/td>\n<td width=\"50%\">\n<p>45 RON<\/p>\n<\/td>\n<\/tr>\n<tr>\n<td width=\"50%\">\n<p>Prices per page for the languages:<\/p>\n<\/td>\n<td width=\"50%\">\n<\/td>\n<\/tr>\n<tr>\n<td width=\"50%\">\n<p>Italian, Spanish<\/p>\n<\/td>\n<td width=\"50%\">\n<p>45 RON<\/p>\n<\/td>\n<\/tr>\n<tr>\n<td width=\"50%\">\n<p>German, Hungarian, Russian<\/p>\n<\/td>\n<td width=\"50%\">\n<p>50 RON<\/p>\n<\/td>\n<\/tr>\n<tr>\n<td width=\"50%\">\n<p>Diplomas \u2013 two sided<\/p>\n<\/td>\n<td width=\"50%\">\n<p>90 RON<\/p>\n<\/td>\n<\/tr>\n<tr>\n<td width=\"50%\">\n<p>Greek, Portuguese, Slovenian to Romanian, \nSwedish, Turkish<\/p>\n<\/td>\n<td width=\"50%\">\n<p>90 RON<\/p>\n<\/td>\n<\/tr>\n<tr>\n<td width=\"50%\">\n<p>Czech, Bulgarian, Ukrainian,<\/p>\n<\/td>\n<td width=\"50%\">\n<p>90-110 RON<\/p>\n<\/td>\n<\/tr>\n<tr>\n<td width=\"50%\">\n<p>Slovak, Polish, Dutch, \nCroatian, Catalan, Arabic, \u00a0<\/p>\n<\/td>\n<td width=\"50%\">\n<p>90-110 RON<\/p>\n<\/td>\n<\/tr>\n<tr>\n<td width=\"50%\">\n<p>Danish, Norwegian, Finnish, Persian, Vietnamese, Macedonian<\/p>\n<\/td>\n<td width=\"50%\">\n<p>150 RON<\/p>\n<\/td>\n<\/tr>\n<tr>\n<td width=\"50%\">\n<p>Japanese, Chinese, Hebrew, Albanese, Hindi, Estonian, Latin, Latvian, Lithuanian<\/p>\n<\/td>\n<td width=\"50%\">\n<p>150 RON<\/p>\n<\/td>\n<\/tr>\n<tr>\n<td width=\"50%\">\n<p>Translation verification fee (English, French, Italian, Spanish)<\/p>\n<\/td>\n<td width=\"50%\">\n<p>25 RON\/pag<\/p>\n<\/td>\n<\/tr>\n<tr>\n<td width=\"50%\">\n<p>Applying the APOSTILLE<\/p>\n<\/td>\n<td width=\"50%\">\n<p>100 RON \/ document<\/p>\n<\/td>\n<\/tr>\n<tr>\n<td width=\"50%\">\n<p>Superlegalisation at the Chambers of Notaries Public<\/p>\n<\/td>\n<td width=\"50%\">\n<p>100 RON \/ document<\/p>\n<\/td>\n<\/tr>\n<tr>\n<td width=\"50%\">\n<p>Translations' Notarization - 1 copy<\/p>\n<\/td>\n<td width=\"50%\">\n<p>50 RON<\/p>\n<\/td>\n<\/tr>\n<tr>\n<td width=\"50%\">\n<p>Translations' Notarization - 2 copies<\/p>\n<\/td>\n<td width=\"50%\">\n<p>65 RON<\/p>\n<\/td>\n<\/tr>\n<tr>\n<td width=\"50%\">\n<p>Translations' Notarization - 3 copies<\/p>\n<\/td>\n<td width=\"50%\">\n<p>80 RON<\/p>\n<\/td>\n<\/tr>\n<tr>\n<td width=\"50%\">\n<p>Certified copy fee for original documents in Romanian<\/p>\n<\/td>\n<td width=\"50%\">\n<p>20 RON\/pag<\/p>\n<\/td>\n<\/tr>\n<tr>\n<td width=\"50%\">\n<p>Scan<\/p>\n<\/td>\n<td width=\"50%\">\n<p>2 RON\/pag<\/p>\n<\/td>\n<\/tr>\n<tr>\n<td width=\"50%\">\n<p>Photocopies<\/p>\n<\/td>\n<td width=\"50%\">\n<p>2 RON\/pag<\/p>\n<\/td>\n<\/tr>\n<\/tbody>\n<\/table>\n<p>INTERPRETING - from 150 RON\/hour<\/p>\n<p>One page consists of 2000 characters<\/p>\n<p>The standard price is for 5 pages per day. More that 5 pages are considered urgent translations and they are charged 50% more than standard price.<\/p>\n<p><\/p>\t\t\t\t\t\t<\/div>\n\t\t\t\t<\/div>\n\t\t\t\t\t<\/div>\n\t\t<\/div>\n\t\t\t\t\t\t\t<\/div>\n\t\t<\/section>\n\t\t\t\t\t\t\t<\/div>","protected":false},"excerpt":{"rendered":"<p>Tarife Tip Document Engleza \/ Franceza Pret cazier, certificat de na\u015ftere\/c\u0103s\u0103torie,adeverin\u0163e medicale 40 RON Acte auto 45 RON diplom\u0103 fa\u0163\u0103 45 RON diplom\u0103 fa\u0163\u0103\/verso 70 RON foaie matricol\u0103 per pagina 35 RON acte juridice, contracte per pagina 45 RON Preturi per pagina pentru limbile: Italian\u0103, spaniol\u0103 45 RON German\u0103, maghiar\u0103, rus\u0103 50 RON Diplome fa\u021b\u0103\/verso [&hellip;]<\/p>","protected":false},"author":1,"featured_media":0,"parent":0,"menu_order":0,"comment_status":"closed","ping_status":"closed","template":"","meta":{"footnotes":""},"class_list":["post-85","page","type-page","status-publish","hentry"],"_links":{"self":[{"href":"https:\/\/traduceri-acte.ro\/en\/wp-json\/wp\/v2\/pages\/85","targetHints":{"allow":["GET"]}}],"collection":[{"href":"https:\/\/traduceri-acte.ro\/en\/wp-json\/wp\/v2\/pages"}],"about":[{"href":"https:\/\/traduceri-acte.ro\/en\/wp-json\/wp\/v2\/types\/page"}],"author":[{"embeddable":true,"href":"https:\/\/traduceri-acte.ro\/en\/wp-json\/wp\/v2\/users\/1"}],"replies":[{"embeddable":true,"href":"https:\/\/traduceri-acte.ro\/en\/wp-json\/wp\/v2\/comments?post=85"}],"version-history":[{"count":31,"href":"https:\/\/traduceri-acte.ro\/en\/wp-json\/wp\/v2\/pages\/85\/revisions"}],"predecessor-version":[{"id":209,"href":"https:\/\/traduceri-acte.ro\/en\/wp-json\/wp\/v2\/pages\/85\/revisions\/209"}],"wp:attachment":[{"href":"https:\/\/traduceri-acte.ro\/en\/wp-json\/wp\/v2\/media?parent=85"}],"curies":[{"name":"wp","href":"https:\/\/api.w.org\/{rel}","templated":true}]}}